{"id":162,"date":"2024-08-16T19:58:22","date_gmt":"2024-08-16T19:58:22","guid":{"rendered":"http:\/\/nomadsoftheheart.com\/?page_id=162"},"modified":"2025-03-06T18:39:47","modified_gmt":"2025-03-06T18:39:47","slug":"team","status":"publish","type":"page","link":"https:\/\/nomadsoftheheart.com\/de\/team\/","title":{"rendered":"Team"},"content":{"rendered":"<div data-elementor-type=\"wp-page\" data-elementor-id=\"162\" class=\"elementor elementor-162\">\n\t\t\t\t<div class=\"elementor-element elementor-element-78c5f94 e-con-full e-flex e-con e-parent\" data-id=\"78c5f94\" data-element_type=\"container\" data-settings=\"{&quot;background_background&quot;:&quot;classic&quot;}\">\n\t\t\t\t<div class=\"elementor-element elementor-element-2b3f90a elementor-widget elementor-widget-image\" data-id=\"2b3f90a\" data-element_type=\"widget\" data-widget_type=\"image.default\">\n\t\t\t\t<div class=\"elementor-widget-container\">\n\t\t\t\t\t\t\t\t\t\t\t\t\t\t\t<img fetchpriority=\"high\" decoding=\"async\" width=\"1211\" height=\"239\" src=\"http:\/\/nomadsoftheheart.com\/wp-content\/uploads\/2024\/11\/team_de.png\" class=\"attachment-full size-full wp-image-1693\" alt=\"\" srcset=\"https:\/\/nomadsoftheheart.com\/wp-content\/uploads\/2024\/11\/team_de.png 1211w, https:\/\/nomadsoftheheart.com\/wp-content\/uploads\/2024\/11\/team_de-300x59.png 300w, https:\/\/nomadsoftheheart.com\/wp-content\/uploads\/2024\/11\/team_de-1024x202.png 1024w, https:\/\/nomadsoftheheart.com\/wp-content\/uploads\/2024\/11\/team_de-768x152.png 768w, https:\/\/nomadsoftheheart.com\/wp-content\/uploads\/2024\/11\/team_de-18x4.png 18w\" sizes=\"(max-width: 1211px) 100vw, 1211px\" \/>\t\t\t\t\t\t\t\t\t\t\t\t\t\t\t<\/div>\n\t\t\t\t<\/div>\n\t\t\t\t<\/div>\n\t\t<div class=\"elementor-element elementor-element-5503910 e-flex e-con-boxed e-con e-parent\" data-id=\"5503910\" data-element_type=\"container\">\n\t\t\t\t\t<div class=\"e-con-inner\">\n\t\t\t\t<div class=\"elementor-element elementor-element-ed5e694 elementor-widget elementor-widget-spacer\" data-id=\"ed5e694\" data-element_type=\"widget\" data-widget_type=\"spacer.default\">\n\t\t\t\t<div class=\"elementor-widget-container\">\n\t\t\t\t\t\t\t<div class=\"elementor-spacer\">\n\t\t\t<div class=\"elementor-spacer-inner\"><\/div>\n\t\t<\/div>\n\t\t\t\t\t\t<\/div>\n\t\t\t\t<\/div>\n\t\t\t\t<div class=\"elementor-element elementor-element-1a7c566 elementor-widget elementor-widget-heading\" data-id=\"1a7c566\" data-element_type=\"widget\" data-widget_type=\"heading.default\">\n\t\t\t\t<div class=\"elementor-widget-container\">\n\t\t\t\t\t<h2 class=\"elementor-heading-title elementor-size-default\">CHRISTOPH SCHREINER<\/h2>\t\t\t\t<\/div>\n\t\t\t\t<\/div>\n\t\t<div class=\"elementor-element elementor-element-52c3cf4 e-grid e-con-full e-con e-child\" data-id=\"52c3cf4\" data-element_type=\"container\">\n\t\t\t\t<div class=\"elementor-element elementor-element-13bac99 elementor-widget elementor-widget-text-editor\" data-id=\"13bac99\" data-element_type=\"widget\" data-widget_type=\"text-editor.default\">\n\t\t\t\t<div class=\"elementor-widget-container\">\n\t\t\t\t\t\t\t\t\t<p class=\"translation-block\">Christoph ist ein uners\u00e4ttlicher und neugieriger Fan von lebenslangem Lernen und hat eine drei\u00dfigj\u00e4hrige Karriere als Spitzensportler in eine neue Mission umgewandelt: andere zu coachen, um ihre eigenen Spitzenleistungen zu leben.  \n\nAls Kapit\u00e4n des American-Football-Teams der Graz Giants vertrat er \u00d6sterreich von 1991 bis 2012 und spielte f\u00fcr sein Land bei der Weltmeisterschaft 2011. Mit dem Blick eines Sportwissenschaftlers und der Hingabe eines Spitzensportlers f\u00fchrte Christoph die Graz Giants im Anschluss an die eigene Karriere als Gesch\u00e4ftsf\u00fchrer.  In j\u00fcngster Zeit hat sich Christoph die Werkzeuge angeeignet - er ist NLP Master, emTrace Mastercoach und Mimikresonanz Profiler und Trainer - um andere zu inspirieren, ihren Tr\u00e4umen zu folgen und ihre Visionen in die Realit\u00e4t umzusetzen.<\/p>\t\t\t\t\t\t\t\t<\/div>\n\t\t\t\t<\/div>\n\t\t<div class=\"elementor-element elementor-element-292d29f e-con-full e-flex e-con e-child\" data-id=\"292d29f\" data-element_type=\"container\" data-settings=\"{&quot;background_background&quot;:&quot;classic&quot;}\">\n\t\t\t\t<\/div>\n\t\t<div class=\"elementor-element elementor-element-a172dfd e-con-full e-flex e-con e-child\" data-id=\"a172dfd\" data-element_type=\"container\" data-settings=\"{&quot;background_background&quot;:&quot;classic&quot;}\">\n\t\t\t\t<\/div>\n\t\t\t\t<div class=\"elementor-element elementor-element-636819d elementor-widget elementor-widget-text-editor\" data-id=\"636819d\" data-element_type=\"widget\" data-widget_type=\"text-editor.default\">\n\t\t\t\t<div class=\"elementor-widget-container\">\n\t\t\t\t\t\t\t\t\t<p>Neben herausfordernden Abenteuern wie der Besteigung des Kilimandscharo und der Erforschung von Krieger-Archetypen, was inspiriert Christoph?\n\"Das Lachen und die Tr\u00e4nen, die Gespr\u00e4che und die Umarmungen, den Sonnenaufgang und den Sonnenuntergang, die lauten und die leisen Momente mit einer Gruppe von fremden Menschen zu teilen. Menschen, die mir vertrauen, dass ich sie in die W\u00fcste f\u00fchre und in das gro\u00dfe Abenteuer, das ein mit Leidenschaft gelebtes Leben ist.  Ich m\u00f6chte den Menschen zeigen, dass es da drau\u00dfen noch so viel mehr gibt, M\u00f6glichkeiten, Abenteuer, Liebe, Lachen, Freude, und dass das Leben so viele wunderbare \u00dcberraschungen bereith\u00e4lt, wenn wir Verantwortung f\u00fcr uns selbst \u00fcbernehmen.\"<br \/>\u00a0<br \/>Es ist der Nachthimmel, der Christoph immer wieder in die W\u00fcste ruft.  \"In den W\u00fcstenhimmel zu blicken, ist eine der faszinierendsten Erfahrungen meines Lebens, und ich kann es kaum erwarten, diese Erfahrung mit euch zu teilen.\"<\/p>\t\t\t\t\t\t\t\t<\/div>\n\t\t\t\t<\/div>\n\t\t\t\t<\/div>\n\t\t\t\t\t<\/div>\n\t\t\t\t<\/div>\n\t\t<div class=\"elementor-element elementor-element-9cd455c e-flex e-con-boxed e-con e-parent\" data-id=\"9cd455c\" data-element_type=\"container\">\n\t\t\t\t\t<div class=\"e-con-inner\">\n\t\t\t\t<div class=\"elementor-element elementor-element-9ed1069 elementor-widget elementor-widget-image\" data-id=\"9ed1069\" data-element_type=\"widget\" data-widget_type=\"image.default\">\n\t\t\t\t<div class=\"elementor-widget-container\">\n\t\t\t\t\t\t\t\t\t\t\t\t\t\t\t<img decoding=\"async\" src=\"https:\/\/nomadsoftheheart.com\/wp-content\/uploads\/2024\/08\/Zeichenflache-7.png\" title=\"Zeichenfl\u00e4che 7\" alt=\"Zeichenfl\u00e4che 7\" loading=\"lazy\" \/>\t\t\t\t\t\t\t\t\t\t\t\t\t\t\t<\/div>\n\t\t\t\t<\/div>\n\t\t\t\t\t<\/div>\n\t\t\t\t<\/div>\n\t\t<div class=\"elementor-element elementor-element-0424f1e e-flex e-con-boxed e-con e-parent\" data-id=\"0424f1e\" data-element_type=\"container\">\n\t\t\t\t\t<div class=\"e-con-inner\">\n\t\t<div class=\"elementor-element elementor-element-3bdd25d e-grid e-con-full e-con e-child\" data-id=\"3bdd25d\" data-element_type=\"container\" data-settings=\"{&quot;background_background&quot;:&quot;classic&quot;}\">\n\t\t<div class=\"elementor-element elementor-element-14f5800 e-con-full e-flex e-con e-child\" data-id=\"14f5800\" data-element_type=\"container\" data-settings=\"{&quot;background_background&quot;:&quot;classic&quot;}\">\n\t\t\t\t<\/div>\n\t\t<div class=\"elementor-element elementor-element-075b965 e-con-full e-flex e-con e-child\" data-id=\"075b965\" data-element_type=\"container\">\n\t\t\t\t<div class=\"elementor-element elementor-element-d3ec330 elementor-widget elementor-widget-text-editor\" data-id=\"d3ec330\" data-element_type=\"widget\" data-widget_type=\"text-editor.default\">\n\t\t\t\t<div class=\"elementor-widget-container\">\n\t\t\t\t\t\t\t\t\t<p>Zu seinen verr\u00fcckteren Unternehmungen z\u00e4hlen die Durchquerung des \u00c4rmelkanals im Alleingang, die Besteigung des Kilimandscharo, eine 850km Wanderung durch Spanien, und lange Solo-Radtouren durch die wilderen Gegenden der Erde wie die kanadischen Rocky Mountains und die Westfjorde im Nordwesten Islands\u00a0<br \/><br \/>Warum freut sich Ben darauf, in den Sinai zur\u00fcckzukehren?\u00a0 <br \/><br \/>\"Die W\u00fcsten Marokkos, Australiens, Namibias und \u00c4gyptens haben mir einige der sch\u00f6nsten und heiligsten Momente meines Lebens beschert, sei es das Eintauchen in das Wasser einer unerwarteten Oase, das Einschlafen unter einem mit Sternschnuppen \u00fcbers\u00e4ten Himmel oder das Versinken in der gro\u00dfen Stille, die mich umgibt.  Ich bin begeistert von der M\u00f6glichkeit, andere in einen Raum und an einen Ort zu begleiten, der mir auf meiner eigenen Reise so viel bedeutet hat.\"<\/p>\t\t\t\t\t\t\t\t<\/div>\n\t\t\t\t<\/div>\n\t\t\t\t<\/div>\n\t\t<div class=\"elementor-element elementor-element-aff8486 e-con-full e-flex e-con e-child\" data-id=\"aff8486\" data-element_type=\"container\">\n\t\t\t\t<div class=\"elementor-element elementor-element-24e9c6f elementor-widget elementor-widget-heading\" data-id=\"24e9c6f\" data-element_type=\"widget\" data-widget_type=\"heading.default\">\n\t\t\t\t<div class=\"elementor-widget-container\">\n\t\t\t\t\t<h2 class=\"elementor-heading-title elementor-size-default\">BEN McGUIRE\u00a0<\/h2>\t\t\t\t<\/div>\n\t\t\t\t<\/div>\n\t\t\t\t<div class=\"elementor-element elementor-element-c269159 elementor-widget elementor-widget-text-editor\" data-id=\"c269159\" data-element_type=\"widget\" data-widget_type=\"text-editor.default\">\n\t\t\t\t<div class=\"elementor-widget-container\">\n\t\t\t\t\t\t\t\t\t<p>Bens gro\u00dfe Leidenschaft ist die Entfaltung des menschlichen Potenzials.  \"Ich liebe es, Fragen zu stellen und Raum zu schaffen, um Menschen zu helfen, ihren wahren Norden zu finden und die beste Version ihrer selbst zu werden, die sie sein k\u00f6nnen.\" \u00a0<br \/><br \/>Er ist Anwalt und Unternehmer, der in innovative und wirkungsvoll Unternehmen investiert und deren Vorst\u00e4nde ber\u00e4t; ein Autor von Sachb\u00fcchern und Belletristik; ein Filmemacher, der Worte und Bilder verbindet, um zu helfen, sich selbst zu verstehen, sich seinen Traumata zu stellen, und sie aufzul\u00f6sen; ein Live-Geschichtenerz\u00e4hler, der in ganz Europa auftritt und unterrichtet; ein Fotograf, der seine Probanden sanft bei der Wiederentdeckung ihrer inneren G\u00f6ttin und ihres inneren Gottes begleitet, meist unter Wasser; und ein ehemaliger Spitzensportler, der Ausdauerveranstaltungen und Abenteuerreisen als Rituale des Wachstums und der Vertiefung nutzt.\u00a0<\/p>\t\t\t\t\t\t\t\t<\/div>\n\t\t\t\t<\/div>\n\t\t\t\t<\/div>\n\t\t<div class=\"elementor-element elementor-element-48648c0 e-con-full e-flex e-con e-child\" data-id=\"48648c0\" data-element_type=\"container\" data-settings=\"{&quot;background_background&quot;:&quot;classic&quot;}\">\n\t\t\t\t<\/div>\n\t\t\t\t<\/div>\n\t\t\t\t\t<\/div>\n\t\t\t\t<\/div>\n\t\t<div class=\"elementor-element elementor-element-e013181 e-flex e-con-boxed e-con e-parent\" data-id=\"e013181\" data-element_type=\"container\">\n\t\t\t\t\t<div class=\"e-con-inner\">\n\t\t\t\t<div class=\"elementor-element elementor-element-3738330 elementor-widget elementor-widget-image\" data-id=\"3738330\" data-element_type=\"widget\" data-widget_type=\"image.default\">\n\t\t\t\t<div class=\"elementor-widget-container\">\n\t\t\t\t\t\t\t\t\t\t\t\t\t\t\t<img decoding=\"async\" src=\"https:\/\/nomadsoftheheart.com\/wp-content\/uploads\/2024\/08\/Zeichenflache-7.png\" title=\"Zeichenfl\u00e4che 7\" alt=\"Zeichenfl\u00e4che 7\" loading=\"lazy\" \/>\t\t\t\t\t\t\t\t\t\t\t\t\t\t\t<\/div>\n\t\t\t\t<\/div>\n\t\t\t\t\t<\/div>\n\t\t\t\t<\/div>\n\t\t<div class=\"elementor-element elementor-element-3b0bca1 e-flex e-con-boxed e-con e-parent\" data-id=\"3b0bca1\" data-element_type=\"container\">\n\t\t\t\t\t<div class=\"e-con-inner\">\n\t\t\t\t<div class=\"elementor-element elementor-element-24020b8 elementor-widget elementor-widget-spacer\" data-id=\"24020b8\" data-element_type=\"widget\" data-widget_type=\"spacer.default\">\n\t\t\t\t<div class=\"elementor-widget-container\">\n\t\t\t\t\t\t\t<div class=\"elementor-spacer\">\n\t\t\t<div class=\"elementor-spacer-inner\"><\/div>\n\t\t<\/div>\n\t\t\t\t\t\t<\/div>\n\t\t\t\t<\/div>\n\t\t\t\t<div class=\"elementor-element elementor-element-d9b7a90 elementor-widget elementor-widget-heading\" data-id=\"d9b7a90\" data-element_type=\"widget\" data-widget_type=\"heading.default\">\n\t\t\t\t<div class=\"elementor-widget-container\">\n\t\t\t\t\t<h2 class=\"elementor-heading-title elementor-size-default\">DAGMAR W\u00c4HMER<\/h2>\t\t\t\t<\/div>\n\t\t\t\t<\/div>\n\t\t<div class=\"elementor-element elementor-element-57f68d9 e-grid e-con-full e-con e-child\" data-id=\"57f68d9\" data-element_type=\"container\">\n\t\t\t\t<div class=\"elementor-element elementor-element-1245392 elementor-widget elementor-widget-text-editor\" data-id=\"1245392\" data-element_type=\"widget\" data-widget_type=\"text-editor.default\">\n\t\t\t\t<div class=\"elementor-widget-container\">\n\t\t\t\t\t\t\t\t\t<p>Dagmar ist eine begeisterte Heilerin und Coachin mit einer tiefen Liebe zu Menschen, Kultur, Schauspiel und Sprachen (Deutsch, Englisch, Franz\u00f6sisch, Kamel und mehr\u2026).\u00a0<br \/>\u00a0<br \/>Dagmar (Paris\/Berlin) arbeitet seit 14 Jahren als Theta Heilerin und Ausbilderin, und Familienaufstellerin. \u201eMein gro\u00dfe Leidenschaft ist es, Menschen auf ihrem Weg zu ihrem vollen Potenzial und Gl\u00fcck zu begleiten.  Der Weg ist so einzigartig wie jeder Mensch, oft verbunden mit tiefgreifenden Transformationsprozessen. Ich helfe meinen Klientinnen, ihre eigenen Gabe und Talenten zu entdecken und zu entfalten, alte Glaubens\u00e4tze zu ver\u00e4ndern, Blockaden aufzul\u00f6sen und Trauma zu heilen.  Ich liebe es zu sehen, wie Menschen in ihre eigene Gr\u00f6\u00dfe hineinzuwachsen und sie in die Welt hinaus strahlen.\u201c\u00a0<br \/>\u00a0<\/p>\t\t\t\t\t\t\t\t<\/div>\n\t\t\t\t<\/div>\n\t\t<div class=\"elementor-element elementor-element-65f589c e-con-full e-flex e-con e-child\" data-id=\"65f589c\" data-element_type=\"container\" data-settings=\"{&quot;background_background&quot;:&quot;classic&quot;}\">\n\t\t\t\t<\/div>\n\t\t<div class=\"elementor-element elementor-element-dce074a e-con-full e-flex e-con e-child\" data-id=\"dce074a\" data-element_type=\"container\" data-settings=\"{&quot;background_background&quot;:&quot;classic&quot;}\">\n\t\t\t\t<\/div>\n\t\t\t\t<div class=\"elementor-element elementor-element-12606ed elementor-widget elementor-widget-text-editor\" data-id=\"12606ed\" data-element_type=\"widget\" data-widget_type=\"text-editor.default\">\n\t\t\t\t<div class=\"elementor-widget-container\">\n\t\t\t\t\t\t\t\t\t<p>An insightful director and accomplished actress in theatre, film and television, Dagmar`s solo piece on the life of Brigitte Bardot premieres in Berlin in 2025.\u00a0 She lives her passion for languages by translating documentary films for European cultural broadcaster ARTE, and is a regular narrator for the authoritative German dictionary, The Duden.\u00a0\u00a0<\/p><p>Die Reisen in die W\u00fcste Sinai beschreibt Dagmar als eine besondere \u2013 sowohl innere, also auch \u00e4u\u00dfere \u2013 Erfahrung.  \u201eMan taucht ein in eine bezaubernde Landschaft, verbinden sich mit Natur pur, Einfachheit und Stille. In der W\u00fcste begegnen wir uns selbst in der Tiefe unseres Seins und erleben gleichzeitig die Geborgenheit einer Gemeinschaft, gepaart mit viel Freude, Lachen, und Leichtigkeit.  Die W\u00fcste holt jede Person dort ab, wo sie mit sich steht, und bringt das in ihr ihr hervor was gerade dran ist.  Viele \u00dcberraschungen warten auf dich.  Du wirst reich beschenkt zur\u00fcckkommen.\u201c<\/p>\t\t\t\t\t\t\t\t<\/div>\n\t\t\t\t<\/div>\n\t\t\t\t<\/div>\n\t\t\t\t\t<\/div>\n\t\t\t\t<\/div>\n\t\t<div class=\"elementor-element elementor-element-0af51a0 e-flex e-con-boxed e-con e-parent\" data-id=\"0af51a0\" data-element_type=\"container\">\n\t\t\t\t\t<div class=\"e-con-inner\">\n\t\t\t\t<div class=\"elementor-element elementor-element-68ad8fd elementor-widget elementor-widget-image\" data-id=\"68ad8fd\" data-element_type=\"widget\" data-widget_type=\"image.default\">\n\t\t\t\t<div class=\"elementor-widget-container\">\n\t\t\t\t\t\t\t\t\t\t\t\t\t\t\t<img decoding=\"async\" src=\"https:\/\/nomadsoftheheart.com\/wp-content\/uploads\/2024\/08\/Zeichenflache-7.png\" title=\"Zeichenfl\u00e4che 7\" alt=\"Zeichenfl\u00e4che 7\" loading=\"lazy\" \/>\t\t\t\t\t\t\t\t\t\t\t\t\t\t\t<\/div>\n\t\t\t\t<\/div>\n\t\t\t\t\t<\/div>\n\t\t\t\t<\/div>\n\t\t<div class=\"elementor-element elementor-element-62aaca5 e-grid e-con-boxed e-con e-parent\" data-id=\"62aaca5\" data-element_type=\"container\">\n\t\t\t\t\t<div class=\"e-con-inner\">\n\t\t<div class=\"elementor-element elementor-element-b732733 e-con-full e-flex e-con e-child\" data-id=\"b732733\" data-element_type=\"container\">\n\t\t\t\t<div class=\"elementor-element elementor-element-3f1b90b elementor-widget elementor-widget-heading\" data-id=\"3f1b90b\" data-element_type=\"widget\" data-widget_type=\"heading.default\">\n\t\t\t\t<div class=\"elementor-widget-container\">\n\t\t\t\t\t<h2 class=\"elementor-heading-title elementor-size-default\">THE BEDOUINS<\/h2>\t\t\t\t<\/div>\n\t\t\t\t<\/div>\n\t\t\t\t<div class=\"elementor-element elementor-element-6f0735d elementor-widget elementor-widget-text-editor\" data-id=\"6f0735d\" data-element_type=\"widget\" data-widget_type=\"text-editor.default\">\n\t\t\t\t<div class=\"elementor-widget-container\">\n\t\t\t\t\t\t\t\t\t<p>Wir werden w\u00e4hrend der gesamten Reise von einem Team von Beduinen begleitet, die ihr ganzes Leben in der W\u00fcste Sinai gelebt haben und ihre wundersamen Wege wie ihre Westentasche kennen.  Diese offenen, sanfte Begleiter leiten unsere Reise, navigieren, bauen Lager auf und ab, bereiten alle unsere Mahlzeiten zu, k\u00fcmmern sich um die Kamele, singen, tanzen und spielen und sitzen abends mit uns am Lagerfeuer.  Mit viel Geduld, Empathie und Humor hilft uns unser Beduinenteam, ihr Zuhause zu unserem Zuhause zu machen.<\/p>\t\t\t\t\t\t\t\t<\/div>\n\t\t\t\t<\/div>\n\t\t\t\t<\/div>\n\t\t<div class=\"elementor-element elementor-element-d0f1377 e-con-full e-flex e-con e-child\" data-id=\"d0f1377\" data-element_type=\"container\" data-settings=\"{&quot;background_background&quot;:&quot;classic&quot;}\">\n\t\t\t\t<\/div>\n\t\t\t\t\t<\/div>\n\t\t\t\t<\/div>\n\t\t<div class=\"elementor-element elementor-element-f56cb73 e-flex e-con-boxed e-con e-parent\" data-id=\"f56cb73\" data-element_type=\"container\">\n\t\t\t\t\t<div class=\"e-con-inner\">\n\t\t\t\t<div class=\"elementor-element elementor-element-7effe73 elementor-widget elementor-widget-image\" data-id=\"7effe73\" data-element_type=\"widget\" data-widget_type=\"image.default\">\n\t\t\t\t<div class=\"elementor-widget-container\">\n\t\t\t\t\t\t\t\t\t\t\t\t\t\t\t<img decoding=\"async\" width=\"410\" height=\"655\" src=\"https:\/\/nomadsoftheheart.com\/wp-content\/uploads\/2024\/11\/15.png\" class=\"attachment-full size-full wp-image-1701\" alt=\"\" srcset=\"https:\/\/nomadsoftheheart.com\/wp-content\/uploads\/2024\/11\/15.png 410w, https:\/\/nomadsoftheheart.com\/wp-content\/uploads\/2024\/11\/15-188x300.png 188w, https:\/\/nomadsoftheheart.com\/wp-content\/uploads\/2024\/11\/15-8x12.png 8w\" sizes=\"(max-width: 410px) 100vw, 410px\" \/>\t\t\t\t\t\t\t\t\t\t\t\t\t\t\t<\/div>\n\t\t\t\t<\/div>\n\t\t\t\t<div class=\"elementor-element elementor-element-7578bcb elementor-widget elementor-widget-image\" data-id=\"7578bcb\" data-element_type=\"widget\" data-widget_type=\"image.default\">\n\t\t\t\t<div class=\"elementor-widget-container\">\n\t\t\t\t\t\t\t\t\t\t\t\t\t\t\t<img decoding=\"async\" width=\"410\" height=\"655\" src=\"https:\/\/nomadsoftheheart.com\/wp-content\/uploads\/2024\/11\/103.png\" class=\"attachment-full size-full wp-image-1702\" alt=\"\" srcset=\"https:\/\/nomadsoftheheart.com\/wp-content\/uploads\/2024\/11\/103.png 410w, https:\/\/nomadsoftheheart.com\/wp-content\/uploads\/2024\/11\/103-188x300.png 188w, https:\/\/nomadsoftheheart.com\/wp-content\/uploads\/2024\/11\/103-8x12.png 8w\" sizes=\"(max-width: 410px) 100vw, 410px\" \/>\t\t\t\t\t\t\t\t\t\t\t\t\t\t\t<\/div>\n\t\t\t\t<\/div>\n\t\t\t\t<div class=\"elementor-element elementor-element-f6e4d55 elementor-widget elementor-widget-image\" data-id=\"f6e4d55\" data-element_type=\"widget\" data-widget_type=\"image.default\">\n\t\t\t\t<div class=\"elementor-widget-container\">\n\t\t\t\t\t\t\t\t\t\t\t\t\t\t\t<img loading=\"lazy\" decoding=\"async\" width=\"410\" height=\"655\" src=\"https:\/\/nomadsoftheheart.com\/wp-content\/uploads\/2024\/11\/232-.png\" class=\"attachment-full size-full wp-image-1703\" alt=\"\" srcset=\"https:\/\/nomadsoftheheart.com\/wp-content\/uploads\/2024\/11\/232-.png 410w, https:\/\/nomadsoftheheart.com\/wp-content\/uploads\/2024\/11\/232--188x300.png 188w, https:\/\/nomadsoftheheart.com\/wp-content\/uploads\/2024\/11\/232--8x12.png 8w\" sizes=\"(max-width: 410px) 100vw, 410px\" \/>\t\t\t\t\t\t\t\t\t\t\t\t\t\t\t<\/div>\n\t\t\t\t<\/div>\n\t\t\t\t\t<\/div>\n\t\t\t\t<\/div>\n\t\t<div class=\"elementor-element elementor-element-ae36e18 e-flex e-con-boxed e-con e-parent\" data-id=\"ae36e18\" data-element_type=\"container\">\n\t\t\t\t\t<div class=\"e-con-inner\">\n\t\t\t\t<div class=\"elementor-element elementor-element-3b81c74 elementor-widget elementor-widget-spacer\" data-id=\"3b81c74\" data-element_type=\"widget\" data-widget_type=\"spacer.default\">\n\t\t\t\t<div class=\"elementor-widget-container\">\n\t\t\t\t\t\t\t<div class=\"elementor-spacer\">\n\t\t\t<div class=\"elementor-spacer-inner\"><\/div>\n\t\t<\/div>\n\t\t\t\t\t\t<\/div>\n\t\t\t\t<\/div>\n\t\t\t\t\t<\/div>\n\t\t\t\t<\/div>\n\t\t\t\t<\/div>","protected":false},"excerpt":{"rendered":"<p>CHRISTOPH SCHREINER An insatiably curious devotee of life-long learning, Christoph has transformed a thirty-year career as a professional sportsman into [&hellip;]<\/p>","protected":false},"author":1,"featured_media":0,"parent":0,"menu_order":0,"comment_status":"closed","ping_status":"closed","template":"","meta":{"site-sidebar-layout":"no-sidebar","site-content-layout":"","ast-site-content-layout":"full-width-container","site-content-style":"default","site-sidebar-style":"default","ast-global-header-display":"","ast-banner-title-visibility":"","ast-main-header-display":"","ast-hfb-above-header-display":"","ast-hfb-below-header-display":"","ast-hfb-mobile-header-display":"","site-post-title":"disabled","ast-breadcrumbs-content":"","ast-featured-img":"disabled","footer-sml-layout":"","theme-transparent-header-meta":"","adv-header-id-meta":"","stick-header-meta":"","header-above-stick-meta":"","header-main-stick-meta":"","header-below-stick-meta":"","astra-migrate-meta-layouts":"default","ast-page-background-enabled":"default","ast-page-background-meta":{"desktop":{"background-color":"var(--ast-global-color-4)","background-image":"","background-repeat":"repeat","background-position":"center center","background-size":"auto","background-attachment":"scroll","background-type":"","background-media":"","overlay-type":"","overlay-color":"","overlay-opacity":"","overlay-gradient":""},"tablet":{"background-color":"","background-image":"","background-repeat":"repeat","background-position":"center center","background-size":"auto","background-attachment":"scroll","background-type":"","background-media":"","overlay-type":"","overlay-color":"","overlay-opacity":"","overlay-gradient":""},"mobile":{"background-color":"","background-image":"","background-repeat":"repeat","background-position":"center center","background-size":"auto","background-attachment":"scroll","background-type":"","background-media":"","overlay-type":"","overlay-color":"","overlay-opacity":"","overlay-gradient":""}},"ast-content-background-meta":{"desktop":{"background-color":"var(--ast-global-color-5)","background-image":"","background-repeat":"repeat","background-position":"center center","background-size":"auto","background-attachment":"scroll","background-type":"","background-media":"","overlay-type":"","overlay-color":"","overlay-opacity":"","overlay-gradient":""},"tablet":{"background-color":"var(--ast-global-color-5)","background-image":"","background-repeat":"repeat","background-position":"center center","background-size":"auto","background-attachment":"scroll","background-type":"","background-media":"","overlay-type":"","overlay-color":"","overlay-opacity":"","overlay-gradient":""},"mobile":{"background-color":"var(--ast-global-color-5)","background-image":"","background-repeat":"repeat","background-position":"center center","background-size":"auto","background-attachment":"scroll","background-type":"","background-media":"","overlay-type":"","overlay-color":"","overlay-opacity":"","overlay-gradient":""}},"footnotes":""},"class_list":["post-162","page","type-page","status-publish","hentry"],"_links":{"self":[{"href":"https:\/\/nomadsoftheheart.com\/de\/wp-json\/wp\/v2\/pages\/162","targetHints":{"allow":["GET"]}}],"collection":[{"href":"https:\/\/nomadsoftheheart.com\/de\/wp-json\/wp\/v2\/pages"}],"about":[{"href":"https:\/\/nomadsoftheheart.com\/de\/wp-json\/wp\/v2\/types\/page"}],"author":[{"embeddable":true,"href":"https:\/\/nomadsoftheheart.com\/de\/wp-json\/wp\/v2\/users\/1"}],"replies":[{"embeddable":true,"href":"https:\/\/nomadsoftheheart.com\/de\/wp-json\/wp\/v2\/comments?post=162"}],"version-history":[{"count":187,"href":"https:\/\/nomadsoftheheart.com\/de\/wp-json\/wp\/v2\/pages\/162\/revisions"}],"predecessor-version":[{"id":1816,"href":"https:\/\/nomadsoftheheart.com\/de\/wp-json\/wp\/v2\/pages\/162\/revisions\/1816"}],"wp:attachment":[{"href":"https:\/\/nomadsoftheheart.com\/de\/wp-json\/wp\/v2\/media?parent=162"}],"curies":[{"name":"wp","href":"https:\/\/api.w.org\/{rel}","templated":true}]}}